{"id":2,"date":"2013-03-14T14:48:23","date_gmt":"2013-03-14T14:48:23","guid":{"rendered":"http:\/\/www.geraldodebarros.com\/main\/?page_id=2"},"modified":"2025-11-14T19:54:15","modified_gmt":"2025-11-14T17:54:15","slug":"pagina-ejemplo","status":"publish","type":"page","link":"https:\/\/www.geraldodebarros.com\/main\/","title":{"rendered":"Welcome to the Geraldo de Barros official site"},"content":{"rendered":"<div align=\"center\"><\/div>\n<div align=\"center\">\r\n\t<div class=\"slideshow_container slideshow_container_style-light\" style=\"height: 600px; max-width: 600px;\" data-slideshow-id=\"60\" data-style-name=\"style-light\" data-style-version=\"2.3.1\" >\r\n\r\n\t\t\t\t\t<div class=\"slideshow_loading_icon\"><\/div>\r\n\t\t\r\n\t\t<div class=\"slideshow_content\" style=\"display: none;\">\r\n\r\n\t\t\t<div class=\"slideshow_view\">\r\n\t\t\t\t<div class=\"slideshow_slide slideshow_slide_image\">\r\n\t\t\t\t\t\t\t\t\t\t\t<img src=\"https:\/\/www.geraldodebarros.com\/main\/wp-content\/uploads\/2013\/05\/600x600-gdb_1003.jpg\" alt=\"600x600-gdb_1003\" width=\"600\" height=\"600\" \/>\r\n\t\t\t\t\t\t\t\t\t\t<div class=\"slideshow_description_box slideshow_transparent\">\r\n\t\t\t\t\t\t<div class=\"slideshow_title\">600x600-gdb_1003<\/div>\t\t\t\t\t\t\t\t\t\t\t<\/div>\r\n\t\t\t\t<\/div>\r\n\r\n\t\t\t\t\t\t<div style=\"clear: both;\"><\/div><\/div><div class=\"slideshow_view\">\r\n\t\t\t\t<div class=\"slideshow_slide slideshow_slide_image\">\r\n\t\t\t\t\t\t\t\t\t\t\t<img src=\"https:\/\/www.geraldodebarros.com\/main\/wp-content\/uploads\/2013\/05\/600x600-gdb_1006.jpg\" alt=\"600x600-gdb_1006\" width=\"600\" height=\"600\" \/>\r\n\t\t\t\t\t\t\t\t\t\t<div class=\"slideshow_description_box slideshow_transparent\">\r\n\t\t\t\t\t\t<div class=\"slideshow_title\">600x600-gdb_1006<\/div>\t\t\t\t\t\t\t\t\t\t\t<\/div>\r\n\t\t\t\t<\/div>\r\n\r\n\t\t\t\t\t\t<div style=\"clear: both;\"><\/div><\/div><div class=\"slideshow_view\">\r\n\t\t\t\t<div class=\"slideshow_slide slideshow_slide_image\">\r\n\t\t\t\t\t\t\t\t\t\t\t<img src=\"https:\/\/www.geraldodebarros.com\/main\/wp-content\/uploads\/2013\/05\/600x600-gdb_1020.jpg\" alt=\"600x600-gdb_1020\" width=\"600\" height=\"600\" \/>\r\n\t\t\t\t\t\t\t\t\t\t<div class=\"slideshow_description_box slideshow_transparent\">\r\n\t\t\t\t\t\t<div class=\"slideshow_title\">600x600-gdb_1020<\/div>\t\t\t\t\t\t\t\t\t\t\t<\/div>\r\n\t\t\t\t<\/div>\r\n\r\n\t\t\t\t\t\t<div style=\"clear: both;\"><\/div><\/div><div class=\"slideshow_view\">\r\n\t\t\t\t<div class=\"slideshow_slide slideshow_slide_image\">\r\n\t\t\t\t\t\t\t\t\t\t\t<img src=\"https:\/\/www.geraldodebarros.com\/main\/wp-content\/uploads\/2013\/05\/600x600-gdb_1031.jpg\" alt=\"600x600-gdb_1031\" width=\"600\" height=\"600\" \/>\r\n\t\t\t\t\t\t\t\t\t\t<div class=\"slideshow_description_box slideshow_transparent\">\r\n\t\t\t\t\t\t<div class=\"slideshow_title\">600x600-gdb_1031<\/div>\t\t\t\t\t\t\t\t\t\t\t<\/div>\r\n\t\t\t\t<\/div>\r\n\r\n\t\t\t\t\t\t<div style=\"clear: both;\"><\/div><\/div><div class=\"slideshow_view\">\r\n\t\t\t\t<div class=\"slideshow_slide slideshow_slide_image\">\r\n\t\t\t\t\t\t\t\t\t\t\t<img src=\"https:\/\/www.geraldodebarros.com\/main\/wp-content\/uploads\/2013\/05\/600x600-gdb_1032.jpg\" alt=\"600x600-gdb_1032\" width=\"600\" height=\"600\" \/>\r\n\t\t\t\t\t\t\t\t\t\t<div class=\"slideshow_description_box slideshow_transparent\">\r\n\t\t\t\t\t\t<div class=\"slideshow_title\">600x600-gdb_1032<\/div>\t\t\t\t\t\t\t\t\t\t\t<\/div>\r\n\t\t\t\t<\/div>\r\n\r\n\t\t\t\t\t\t<div style=\"clear: both;\"><\/div><\/div><div class=\"slideshow_view\">\r\n\t\t\t\t<div class=\"slideshow_slide slideshow_slide_image\">\r\n\t\t\t\t\t\t\t\t\t\t\t<img src=\"https:\/\/www.geraldodebarros.com\/main\/wp-content\/uploads\/2013\/05\/600x600-gdb_1037.jpg\" alt=\"600x600-gdb_1037\" width=\"600\" height=\"600\" \/>\r\n\t\t\t\t\t\t\t\t\t\t<div class=\"slideshow_description_box slideshow_transparent\">\r\n\t\t\t\t\t\t<div class=\"slideshow_title\">600x600-gdb_1037<\/div>\t\t\t\t\t\t\t\t\t\t\t<\/div>\r\n\t\t\t\t<\/div>\r\n\r\n\t\t\t\t\t\t<div style=\"clear: both;\"><\/div><\/div><div class=\"slideshow_view\">\r\n\t\t\t\t<div class=\"slideshow_slide slideshow_slide_image\">\r\n\t\t\t\t\t\t\t\t\t\t\t<img src=\"https:\/\/www.geraldodebarros.com\/main\/wp-content\/uploads\/2013\/05\/600x600-gdb_1042.jpg\" alt=\"600x600-gdb_1042\" width=\"600\" height=\"600\" \/>\r\n\t\t\t\t\t\t\t\t\t\t<div class=\"slideshow_description_box slideshow_transparent\">\r\n\t\t\t\t\t\t<div class=\"slideshow_title\">600x600-gdb_1042<\/div>\t\t\t\t\t\t\t\t\t\t\t<\/div>\r\n\t\t\t\t<\/div>\r\n\r\n\t\t\t\t\t\t<div style=\"clear: both;\"><\/div><\/div><div class=\"slideshow_view\">\r\n\t\t\t\t<div class=\"slideshow_slide slideshow_slide_image\">\r\n\t\t\t\t\t\t\t\t\t\t\t<img src=\"https:\/\/www.geraldodebarros.com\/main\/wp-content\/uploads\/2013\/05\/600x600-gdb_1045.jpg\" alt=\"600x600-gdb_1045\" width=\"600\" height=\"600\" \/>\r\n\t\t\t\t\t\t\t\t\t\t<div class=\"slideshow_description_box slideshow_transparent\">\r\n\t\t\t\t\t\t<div class=\"slideshow_title\">600x600-gdb_1045<\/div>\t\t\t\t\t\t\t\t\t\t\t<\/div>\r\n\t\t\t\t<\/div>\r\n\r\n\t\t\t\t\t\t<div style=\"clear: both;\"><\/div><\/div><div class=\"slideshow_view\">\r\n\t\t\t\t<div class=\"slideshow_slide slideshow_slide_image\">\r\n\t\t\t\t\t\t\t\t\t\t\t<img src=\"https:\/\/www.geraldodebarros.com\/main\/wp-content\/uploads\/2013\/05\/600x600-gdb_1052.jpg\" alt=\"600x600-gdb_1052\" width=\"600\" height=\"600\" \/>\r\n\t\t\t\t\t\t\t\t\t\t<div class=\"slideshow_description_box slideshow_transparent\">\r\n\t\t\t\t\t\t<div class=\"slideshow_title\">600x600-gdb_1052<\/div>\t\t\t\t\t\t\t\t\t\t\t<\/div>\r\n\t\t\t\t<\/div>\r\n\r\n\t\t\t\t\t\t<div style=\"clear: both;\"><\/div><\/div><div class=\"slideshow_view\">\r\n\t\t\t\t<div class=\"slideshow_slide slideshow_slide_image\">\r\n\t\t\t\t\t\t\t\t\t\t\t<img src=\"https:\/\/www.geraldodebarros.com\/main\/wp-content\/uploads\/2013\/05\/600x600-gdb_1061.jpg\" alt=\"600x600-gdb_1061\" width=\"600\" height=\"600\" \/>\r\n\t\t\t\t\t\t\t\t\t\t<div class=\"slideshow_description_box slideshow_transparent\">\r\n\t\t\t\t\t\t<div class=\"slideshow_title\">600x600-gdb_1061<\/div>\t\t\t\t\t\t\t\t\t\t\t<\/div>\r\n\t\t\t\t<\/div>\r\n\r\n\t\t\t\t\t\t<div style=\"clear: both;\"><\/div><\/div><div class=\"slideshow_view\">\r\n\t\t\t\t<div class=\"slideshow_slide slideshow_slide_image\">\r\n\t\t\t\t\t\t\t\t\t\t\t<img src=\"https:\/\/www.geraldodebarros.com\/main\/wp-content\/uploads\/2013\/05\/600x600-gdb_1071.jpg\" alt=\"600x600-gdb_1071\" width=\"600\" height=\"600\" \/>\r\n\t\t\t\t\t\t\t\t\t\t<div class=\"slideshow_description_box slideshow_transparent\">\r\n\t\t\t\t\t\t<div class=\"slideshow_title\">600x600-gdb_1071<\/div>\t\t\t\t\t\t\t\t\t\t\t<\/div>\r\n\t\t\t\t<\/div>\r\n\r\n\t\t\t\t\t\t<div style=\"clear: both;\"><\/div><\/div><div class=\"slideshow_view\">\r\n\t\t\t\t<div class=\"slideshow_slide slideshow_slide_image\">\r\n\t\t\t\t\t\t\t\t\t\t\t<img src=\"https:\/\/www.geraldodebarros.com\/main\/wp-content\/uploads\/2013\/05\/600x600-gdb_1077.jpg\" alt=\"600x600-gdb_1077\" width=\"600\" height=\"600\" \/>\r\n\t\t\t\t\t\t\t\t\t\t<div class=\"slideshow_description_box slideshow_transparent\">\r\n\t\t\t\t\t\t<div class=\"slideshow_title\">600x600-gdb_1077<\/div>\t\t\t\t\t\t\t\t\t\t\t<\/div>\r\n\t\t\t\t<\/div>\r\n\r\n\t\t\t\t\t\t<div style=\"clear: both;\"><\/div><\/div><div class=\"slideshow_view\">\r\n\t\t\t\t<div class=\"slideshow_slide slideshow_slide_image\">\r\n\t\t\t\t\t\t\t\t\t\t\t<img src=\"https:\/\/www.geraldodebarros.com\/main\/wp-content\/uploads\/2013\/05\/600x600-gdb_1088.jpg\" alt=\"600x600-gdb_1088\" width=\"600\" height=\"600\" \/>\r\n\t\t\t\t\t\t\t\t\t\t<div class=\"slideshow_description_box slideshow_transparent\">\r\n\t\t\t\t\t\t<div class=\"slideshow_title\">600x600-gdb_1088<\/div>\t\t\t\t\t\t\t\t\t\t\t<\/div>\r\n\t\t\t\t<\/div>\r\n\r\n\t\t\t\t\t\t<div style=\"clear: both;\"><\/div><\/div><div class=\"slideshow_view\">\r\n\t\t\t\t<div class=\"slideshow_slide slideshow_slide_image\">\r\n\t\t\t\t\t\t\t\t\t\t\t<img src=\"https:\/\/www.geraldodebarros.com\/main\/wp-content\/uploads\/2013\/05\/600x600-GDB_2019.jpg\" alt=\"600x600-GDB_2019\" width=\"600\" height=\"600\" \/>\r\n\t\t\t\t\t\t\t\t\t\t<div class=\"slideshow_description_box slideshow_transparent\">\r\n\t\t\t\t\t\t<div class=\"slideshow_title\">600x600-GDB_2019<\/div>\t\t\t\t\t\t\t\t\t\t\t<\/div>\r\n\t\t\t\t<\/div>\r\n\r\n\t\t\t\t\t\t<div style=\"clear: both;\"><\/div><\/div><div class=\"slideshow_view\">\r\n\t\t\t\t<div class=\"slideshow_slide slideshow_slide_image\">\r\n\t\t\t\t\t\t\t\t\t\t\t<img src=\"https:\/\/www.geraldodebarros.com\/main\/wp-content\/uploads\/2013\/05\/600x600-gdb_2069.jpg\" alt=\"600x600-gdb_2069\" width=\"600\" height=\"600\" \/>\r\n\t\t\t\t\t\t\t\t\t\t<div class=\"slideshow_description_box slideshow_transparent\">\r\n\t\t\t\t\t\t<div class=\"slideshow_title\">600x600-gdb_2069<\/div>\t\t\t\t\t\t\t\t\t\t\t<\/div>\r\n\t\t\t\t<\/div>\r\n\r\n\t\t\t\t\t\t<div style=\"clear: both;\"><\/div><\/div><div class=\"slideshow_view\">\r\n\t\t\t\t<div class=\"slideshow_slide slideshow_slide_image\">\r\n\t\t\t\t\t\t\t\t\t\t\t<img src=\"https:\/\/www.geraldodebarros.com\/main\/wp-content\/uploads\/2013\/05\/600x600-gdb_4030a.jpg\" alt=\"600x600-gdb_4030a\" width=\"600\" height=\"600\" \/>\r\n\t\t\t\t\t\t\t\t\t\t<div class=\"slideshow_description_box slideshow_transparent\">\r\n\t\t\t\t\t\t<div class=\"slideshow_title\">600x600-gdb_4030a<\/div>\t\t\t\t\t\t\t\t\t\t\t<\/div>\r\n\t\t\t\t<\/div>\r\n\r\n\t\t\t\t\t\t<div style=\"clear: both;\"><\/div><\/div><div class=\"slideshow_view\">\r\n\t\t\t\t<div class=\"slideshow_slide slideshow_slide_image\">\r\n\t\t\t\t\t\t\t\t\t\t\t<img src=\"https:\/\/www.geraldodebarros.com\/main\/wp-content\/uploads\/2013\/05\/600x600-gdb_4119-.jpg\" alt=\"600x600-gdb_4119-\" width=\"600\" height=\"600\" \/>\r\n\t\t\t\t\t\t\t\t\t\t<div class=\"slideshow_description_box slideshow_transparent\">\r\n\t\t\t\t\t\t<div class=\"slideshow_title\">600x600-gdb_4119-<\/div>\t\t\t\t\t\t\t\t\t\t\t<\/div>\r\n\t\t\t\t<\/div>\r\n\r\n\t\t\t\t\t\t<div style=\"clear: both;\"><\/div><\/div><div class=\"slideshow_view\">\r\n\t\t\t\t<div class=\"slideshow_slide slideshow_slide_image\">\r\n\t\t\t\t\t\t\t\t\t\t\t<img src=\"https:\/\/www.geraldodebarros.com\/main\/wp-content\/uploads\/2013\/05\/600x600-gdb_5066.jpg\" alt=\"600x600-gdb_5066\" width=\"600\" height=\"600\" \/>\r\n\t\t\t\t\t\t\t\t\t\t<div class=\"slideshow_description_box slideshow_transparent\">\r\n\t\t\t\t\t\t<div class=\"slideshow_title\">600x600-gdb_5066<\/div>\t\t\t\t\t\t\t\t\t\t\t<\/div>\r\n\t\t\t\t<\/div>\r\n\r\n\t\t\t\t\t\t<div style=\"clear: both;\"><\/div><\/div><div class=\"slideshow_view\">\r\n\t\t\t\t<div class=\"slideshow_slide slideshow_slide_image\">\r\n\t\t\t\t\t\t\t\t\t\t\t<img src=\"https:\/\/www.geraldodebarros.com\/main\/wp-content\/uploads\/2013\/05\/600x600-gdb_9006.jpg\" alt=\"600x600-gdb_9006\" width=\"600\" height=\"600\" \/>\r\n\t\t\t\t\t\t\t\t\t\t<div class=\"slideshow_description_box slideshow_transparent\">\r\n\t\t\t\t\t\t<div class=\"slideshow_title\">600x600-gdb_9006<\/div>\t\t\t\t\t\t\t\t\t\t\t<\/div>\r\n\t\t\t\t<\/div>\r\n\r\n\t\t\t\t\t\t<div style=\"clear: both;\"><\/div><\/div><div class=\"slideshow_view\">\r\n\t\t\t\t<div class=\"slideshow_slide slideshow_slide_image\">\r\n\t\t\t\t\t\t\t\t\t\t\t<img src=\"https:\/\/www.geraldodebarros.com\/main\/wp-content\/uploads\/2013\/05\/600x600-sobras033.jpg\" alt=\"600x600-sobras033\" width=\"600\" height=\"600\" \/>\r\n\t\t\t\t\t\t\t\t\t\t<div class=\"slideshow_description_box slideshow_transparent\">\r\n\t\t\t\t\t\t<div class=\"slideshow_title\">600x600-sobras033<\/div>\t\t\t\t\t\t\t\t\t\t\t<\/div>\r\n\t\t\t\t<\/div>\r\n\r\n\t\t\t\t\t\t<div style=\"clear: both;\"><\/div><\/div>\r\n\t\t<\/div>\r\n\r\n\t\t<div class=\"slideshow_controlPanel slideshow_transparent\" style=\"display: none;\"><ul><li class=\"slideshow_togglePlay\" data-play-text=\"Play\" data-pause-text=\"Pause\"><\/li><\/ul><\/div>\r\n\r\n\t\t<div class=\"slideshow_button slideshow_previous slideshow_transparent\" role=\"button\" data-previous-text=\"Previous\" style=\"display: none;\"><\/div>\r\n\t\t<div class=\"slideshow_button slideshow_next slideshow_transparent\" role=\"button\" data-next-text=\"Next\" style=\"display: none;\"><\/div>\r\n\r\n\t\t<div class=\"slideshow_pagination\" style=\"display: none;\" data-go-to-text=\"Go to slide\"><div class=\"slideshow_pagination_center\"><\/div><\/div>\r\n\r\n\t\t<!-- WordPress Slideshow Version 2.3.1 -->\r\n\r\n\t\t\t<\/div>\r\n\r\n<\/div>\n<h1 style=\"text-align: center;\">Geraldo de Barros<\/h1>\n<p>Geraldo de Barros (1923 \u2013 1998), is a Brazilian painter, photographer and designer.<br \/>\nHe was one of the exponents of vanguard in Brazilian art, a precursor of concrete art and pioneer in abstract photography.<br \/>\nHe was also active as a furniture designer from the mid 50\u2019s (Unilabor) until the end of the eighties (Hobjeto), deeply involved both in the function of design and in the social structure of the economy he was actuating in.<\/p>\n<p>Geraldo de Barros is represented in Brazil by <a href=\"http:\/\/www.lucianabritogaleria.com.br\" target=\"_blank\" rel=\"noopener noreferrer\">Luciana Brito Gallery<\/a>\u00a0in Switzerland by <a href=\"http:\/\/dipcontemporaryart.com\" target=\"_blank\" rel=\"noopener noreferrer\">DIP Contemporary<\/a> and in London by <a href=\"http:\/\/www.augustaedwards.com\" target=\"_blank\" rel=\"noopener noreferrer\">Augusta Edwards Fine Arts<\/a><\/p>\n<p>Some furniture pieces are re-edited in Brazil by <a href=\"http:\/\/dpot.com.br\/geraldo-de-barros.html\" target=\"_blank\" rel=\"noopener noreferrer\">Dpot<\/a><\/p>\n<p><strong>Latest news:<\/strong><\/p>\n<ul>\n<li>Complexo Brasil, Funda\u00e7\u00e3o Calouste Gulbenkian, Lisboa, 14 de novembro at\u00e9 17 de fevereiro de 2026<\/li>\n<li><a href=\"https:\/\/lucianabritogaleria.com.br\/exhibitions\/187\" target=\"_blank\" rel=\"noopener\">Geraldo de Barros &#8211; <em>Jogo da Mem\u00f3ria<\/em><\/a>.\u00a0Galeria Luciana Brito, S\u00e3o Paulo, 25 de outubro at\u00e9 25 de dezembro de 2025<\/li>\n<li><a href=\"https:\/\/pinacoteca.org.br\/programacao\/exposicoes\/pop-brasil\/\" target=\"_blank\" rel=\"noopener\">Pop Brasil: vanguarda e nova figura\u00e7\u00e3o, 1960-70<\/a>. Pinacoteca de S\u00e3o Paulo, 31 de maio at\u00e9 5 de outubro de 2025<\/li>\n<li><a href=\"https:\/\/mam.org.br\/exposicao\/mam-sao-paulo-encontros-entre-o-moderno-e-o-contemporaneo\/\" target=\"_blank\" rel=\"noopener\">MAM S\u00e3o Paulo: encontros entre o moderno e o contempor\u00e2neo<\/a>. 26.3.2025 &#8211; 8.6.2025. Curadoria de Cau\u00ea Alves e Gabriela Gotoda. Galeria de Arte do Centro Cultural Fiesp, S\u00e3o Paulo.<\/li>\n<li><a href=\"https:\/\/www.royalacademy.org.uk\/exhibition\/brasil-brasil\" target=\"_blank\" rel=\"noopener\">Brasil ! Brasil ! <\/a><span class=\"input\">The Birth of Modernism. Royal Academy, London, 28.1.2025 \u2013 21.4.2025. <em>Commissaires<\/em> : Fabienne Eggelh\u00f6fer, Roberta Saraiva Coutinho.<\/span><\/li>\n<li><a href=\"https:\/\/www.zpk.org\/fr\/ausstellung\/brasil-brasil\" target=\"_blank\" rel=\"noopener\">Brasil ! Brasil ! <\/a><span class=\"input\">A l&rsquo;aube de la modernit\u00e9. Zentrum Paul Klee, Bern, 7.9.2024 \u2013 5.1.2025. <em>Commissaires<\/em> : Fabienne Eggelh\u00f6fer, Roberta Saraiva Coutinho.<\/span><\/li>\n<li><a href=\"https:\/\/ci.cultura.gob.mx\/exposiciones\/transmigraciones-coleccion-fotografica-del-centro-de-la-imagen\/\" target=\"_blank\" rel=\"noopener\">Transmigraciones<\/a>. Colecci\u00f3n Fotogr\u00e1fica del Centro de la Imagen, Ciudad de M\u00e9xico, 4.5 &#8211; 31.7.2024. Curadur\u00eda: Alejandro Castellanos<\/li>\n<li><a href=\"https:\/\/www.moma.org\/calendar\/exhibitions\/5657\" target=\"_blank\" rel=\"noopener\">Crafting Modernity: Design in Latin America<\/a>, 1940-1980. The Museum of Modern Art, New York March 08, 2024 &#8211; September 22, 2024. <em>Organized by Ana Elena Mallet, guest curator, with Amanda Forment, Curatorial Assistant, Department of Architecture and Design, The Museum of Modern Art.\u00a0<\/em><\/li>\n<li><a href=\"https:\/\/www.chateaudenyon.ch\/fr\/expositions\/dispute-collection-d-oeuvre-d-art-de-la-ville-de-nyon-594\" target=\"_blank\" rel=\"noopener\">DISPUTE<\/a>. Ch\u00e2teau de Nyon, Suisse. Carte blanche \u00e0 l\u2019artiste Pierre Schwerzmann, 16 f\u00e9vrier au dimanche 28 avril 2024.<\/li>\n<li><a href=\"http:\/\/www.lucianabritogaleria.com.br\" target=\"_blank\" rel=\"noopener\">Geraldo de Barros\u00a0<\/a><em>Objetos-Forma. <\/em>Galeria Luciana Brito, S\u00e3o Paulo, 9 de agosto at\u00e9 10 de setembro de 2022<\/li>\n<li><a href=\"https:\/\/mam.org.br\/exposicao\/ruptura-e-o-grupo\/\" target=\"_blank\" rel=\"noopener\">ruptura e o grupo: abstra\u00e7\u00e3o e arte concreta, 70 anos<\/a>. Curadoria: Heloisa Espada e Yuri Quevedo, Museu de Arte Moderna de S\u00e3o Paulo,\u00a0 02 de abril at\u00e9 03 de julho de 2022<\/li>\n<li><span lang=\"PT-BR\"><span lang=\"PT-BR\"><a href=\"https:\/\/www.michelanegrini.com\/project\/form-objects\/\" target=\"_blank\" rel=\"noopener\">GERALDO DE BARROS,\u00a0<i><span lang=\"PT-BR\">Form-Objects<\/span><\/i><\/a><span lang=\"PT-BR\">, <\/span><span lang=\"FR\">Galleria Michela Negrini, Lugano, <\/span><span lang=\"PT-BR\">Switzerland, 08 &#8211; 31.03.2022<\/span><\/span><\/span><\/li>\n<li><a href=\"https:\/\/www.mamco.ch\/fr\/1802\/Geraldo-de-Barros\" target=\"_blank\" rel=\"noopener\"><span lang=\"PT-BR\">GERALDO DE BARROS<\/span><\/a>,\u00a0<span lang=\"PT-BR\">Mus\u00e9e d\u2019Art Moderne et Contemporain de Gen\u00e8ve (MAMCO), Geneva, Switzerland<\/span>, 23.02.2022 &#8211; 19.06.2022, curated by Paul Bernard in close collaboration with Fabiana de Barros and Michel Favre<\/li>\n<li><a href=\"https:\/\/www.sescsp.org.br\/programacao\/raio-que-o-parta-ficcoes-do-moderno-no-brasil\/\" target=\"_blank\" rel=\"noopener\"><span lang=\"PT-BR\">Raio que o parta: fic\u00e7\u00f5es do moderno no Brasil<\/span><\/a>,\u00a0<span lang=\"PT-BR\">Sesc 24 de Maio, S\u00e3o Paulo, Brasil<\/span>, 16.02.2022 &#8211; 07.08.2022<\/li>\n<li><a href=\"https:\/\/pinacoteca.org.br\/programacao\/a-maquina-do-mundo\/\" target=\"_blank\" rel=\"noopener\">A m\u00e1quina do mundo: Arte e Ind\u00fastria no Brasil 1901 &#8211; 2021<\/a>, curadoria Jos\u00e9 Augusto Ribeiro, Pinacoteca de S\u00e3o Paulo,\u00a006.11.2021 &#8211; 21.02.2022<\/li>\n<li><a href=\"https:\/\/www.itaucultural.org.br\/secoes\/agenda-cultural\/mostra-exibe-extensa-obras-geraldo-barros\" target=\"_blank\" rel=\"noopener\">Geraldo de Barros \u2013 Imagin\u00e1rio, Constru\u00e7\u00e3o e Mem\u00f3ria<\/a>, curadoria: Lorenzo Mammi e Michel Favre, August 11 &#8211; Nov. 07, Ita\u00fa Cultural (IC), S\u00e3o\u00a0Paulo<\/li>\n<li><a href=\"http:\/\/www.lucianabritogaleria.com.br\/exhibitions\/155\" target=\"_blank\" rel=\"noopener\">Geraldo de Barros<\/a>, Galeria Luciana Brito, 14 de agosto &#8211; 02 de outubro \/ 14th August &#8211; October 2nd, S\u00e3o Paulo See<a href=\"https:\/\/geraldodebarros-itaucultural.com\/\" target=\"_blank\" rel=\"noopener\"> Hotsite<\/a><\/li>\n<li><a href=\"https:\/\/cromwellplace.com\/whats-on\/brazilian-modernists-three-masters-of-foto-cine-cl\" target=\"_blank\" rel=\"noopener\">Brazilian Modernists: Three Masters of Foto-Cine Clube Bandeirante<\/a>,\u00a017th-30th May 2021, Augusta Edwards Fine Arts, Gallery 7, Cromwell Place, London<\/li>\n<li><a href=\"https:\/\/www.moma.org\/calendar\/exhibitions\/5245\" target=\"_blank\" rel=\"noopener\">Fotoclubismo &#8211;\u00a0Brazilian Modernist Photography<\/a>, 1946\u20131964,\u00a0<span style=\"font-size: inherit;\">May\u00a08\u2013Sep\u00a026, 2021,\u00a0<\/span><span style=\"font-size: inherit;\">MoMA, New York<\/span><\/li>\n<li><a href=\"https:\/\/centre.ch\/fr\/exhibitions\/wie-zu-hause-wo-ich-nicht-bin\/\" target=\"_blank\" rel=\"noopener noreferrer\">Wie zu Hause, Wo ich nicht bin<\/a>. Centre d&rsquo;Art Contemporain de Gen\u00e8ve. Organisation : Niels Trannois. 18 septembre &#8211; 11 octobre 2020. Sc\u00e9nographie : Dpot \u2013 mobili\u00e1rio brasileiro et Arquivo Geraldo de Barros<\/li>\n<li><a href=\"http:\/\/documentspace.com\/exhibitions\/interiors\/\" target=\"_blank\" rel=\"noopener noreferrer\">Interiors<\/a>. Document Space, Chicago. July 10 &#8211; August 22, 2020<\/li>\n<li><a href=\"https:\/\/unframed.lacma.org\/2020\/05\/19\/new-acquisition-geraldo-de-barros-and-modern-brazilian-furniture-design\" target=\"_blank\" rel=\"noopener noreferrer\">New acquisition at LACMA<\/a>, Los Angeles County Museum.<\/li>\n<li><a href=\"http:\/\/www.casarobertomarinho.org.br\" target=\"_blank\" rel=\"noopener noreferrer\"><em>Duplo olhar: pintura e fotografia modernas brasileiras<\/em><\/a>, Exposi\u00e7\u00e3o coletiva, Casa Roberto Marinho, Rio de Janeiro, 5 dez 2019\u201326 abr 2020<\/li>\n<li><i><span lang=\"EN-US\">Em forma de Fam\u00edlia\u00a0<\/span><\/i><span lang=\"EN-US\"><i>[In the form of a Family]<\/i><\/span>, <a href=\"http:\/\/www.robertoalbangaleria.com.br\" target=\"_blank\" rel=\"noopener noreferrer\">Roberto Alban Gallery<\/a> &#8211; Salvador de Bahia, Brasil, Opening October 31, 2019<\/li>\n<li><a href=\"http:\/\/www.opelvillen.de\" target=\"_blank\" rel=\"noopener noreferrer\">Geraldo de Barros \u2013 Unilabor. M\u00f6bel und Fotografien<\/a>, Kunst- und Kulturstiftung Opelvillen R\u00fcsselsheim, Germany, September 25, 2019 to \u00a0Januar 12, 2020<\/li>\n<\/ul>\n","protected":false},"excerpt":{"rendered":"<p>Geraldo de Barros Geraldo de Barros (1923 \u2013 1998), is a Brazilian painter, photographer and designer. He was one of the exponents of vanguard in Brazilian art, a precursor of concrete art and pioneer in abstract photography. He was also active as a furniture designer from the mid 50\u2019s (Unilabor) until the end of the [&hellip;]<\/p>\n","protected":false},"author":1,"featured_media":0,"parent":0,"menu_order":0,"comment_status":"open","ping_status":"open","template":"","meta":{"footnotes":""},"class_list":["post-2","page","type-page","status-publish","hentry"],"_links":{"self":[{"href":"https:\/\/www.geraldodebarros.com\/main\/index.php?rest_route=\/wp\/v2\/pages\/2","targetHints":{"allow":["GET"]}}],"collection":[{"href":"https:\/\/www.geraldodebarros.com\/main\/index.php?rest_route=\/wp\/v2\/pages"}],"about":[{"href":"https:\/\/www.geraldodebarros.com\/main\/index.php?rest_route=\/wp\/v2\/types\/page"}],"author":[{"embeddable":true,"href":"https:\/\/www.geraldodebarros.com\/main\/index.php?rest_route=\/wp\/v2\/users\/1"}],"replies":[{"embeddable":true,"href":"https:\/\/www.geraldodebarros.com\/main\/index.php?rest_route=%2Fwp%2Fv2%2Fcomments&post=2"}],"version-history":[{"count":64,"href":"https:\/\/www.geraldodebarros.com\/main\/index.php?rest_route=\/wp\/v2\/pages\/2\/revisions"}],"predecessor-version":[{"id":2003,"href":"https:\/\/www.geraldodebarros.com\/main\/index.php?rest_route=\/wp\/v2\/pages\/2\/revisions\/2003"}],"wp:attachment":[{"href":"https:\/\/www.geraldodebarros.com\/main\/index.php?rest_route=%2Fwp%2Fv2%2Fmedia&parent=2"}],"curies":[{"name":"wp","href":"https:\/\/api.w.org\/{rel}","templated":true}]}}